{"id":291,"date":"2021-03-30T05:59:32","date_gmt":"2021-03-30T05:59:32","guid":{"rendered":"https:\/\/alkc.eu\/?page_id=291"},"modified":"2023-12-07T14:30:47","modified_gmt":"2023-12-07T14:30:47","slug":"panevezio-vvg","status":"publish","type":"page","link":"https:\/\/alkc.eu\/index.php\/panevezio-vvg\/","title":{"rendered":"Panev\u0117\u017eio VVG"},"content":{"rendered":"\n<p>Nuo 2020 met\u0173 esame Panev\u0117\u017eio vietos veiklos grup\u0117s nariai.  Panev\u0117\u017eio VVG 2021 metin\u0117 strategija ir  ataskaita:  http:\/\/www.pvvg.lt\/strategija\/<\/p>\n\n\n\n<div data-wp-interactive=\"core\/file\" class=\"wp-block-file\"><object data-wp-bind--hidden=\"!state.hasPdfPreview\" hidden class=\"wp-block-file__embed\" data=\"https:\/\/alkc.eu\/wp-content\/uploads\/2023\/12\/Strategijos-galutine-ataskaita-2023-s1128.pdf\" type=\"application\/pdf\" style=\"width:100%;height:600px\" aria-label=\"Embed of Strategijos-galutine-ataskaita-2023-s1128.\"><\/object><a id=\"wp-block-file--media-d5b8eaef-b247-430d-8b68-9c9a17e5d300\" href=\"https:\/\/alkc.eu\/wp-content\/uploads\/2023\/12\/Strategijos-galutine-ataskaita-2023-s1128.pdf\">Strategijos-galutine-ataskaita-2023-s1128<\/a><a href=\"https:\/\/alkc.eu\/wp-content\/uploads\/2023\/12\/Strategijos-galutine-ataskaita-2023-s1128.pdf\" class=\"wp-block-file__button wp-element-button\" download aria-describedby=\"wp-block-file--media-d5b8eaef-b247-430d-8b68-9c9a17e5d300\">Download<\/a><\/div>\n\n\n\n<div data-wp-interactive=\"core\/file\" class=\"wp-block-file\"><object data-wp-bind--hidden=\"!state.hasPdfPreview\" hidden class=\"wp-block-file__embed\" data=\"https:\/\/alkc.eu\/wp-content\/uploads\/2023\/12\/Startegijos-metine-ataskaita-2022.pdf\" type=\"application\/pdf\" style=\"width:100%;height:600px\" aria-label=\"Embed of Startegijos-metine-ataskaita-2022.\"><\/object><a id=\"wp-block-file--media-6b4af44b-4e01-403d-8149-5cbbf3ddb405\" href=\"https:\/\/alkc.eu\/wp-content\/uploads\/2023\/12\/Startegijos-metine-ataskaita-2022.pdf\">Startegijos-metine-ataskaita-2022<\/a><a href=\"https:\/\/alkc.eu\/wp-content\/uploads\/2023\/12\/Startegijos-metine-ataskaita-2022.pdf\" class=\"wp-block-file__button wp-element-button\" download aria-describedby=\"wp-block-file--media-6b4af44b-4e01-403d-8149-5cbbf3ddb405\">Download<\/a><\/div>\n","protected":false},"excerpt":{"rendered":"<p>Nuo 2020 met\u0173 esame Panev\u0117\u017eio vietos veiklos grup\u0117s nariai. Panev\u0117\u017eio VVG 2021 metin\u0117 strategija ir ataskaita: http:\/\/www.pvvg.lt\/strategija\/<\/p>\n","protected":false},"author":1,"featured_media":296,"parent":0,"menu_order":0,"comment_status":"closed","ping_status":"closed","template":"","meta":{"footnotes":""},"class_list":["post-291","page","type-page","status-publish","has-post-thumbnail","hentry","entry","has-media"],"_links":{"self":[{"href":"https:\/\/alkc.eu\/index.php\/wp-json\/wp\/v2\/pages\/291","targetHints":{"allow":["GET"]}}],"collection":[{"href":"https:\/\/alkc.eu\/index.php\/wp-json\/wp\/v2\/pages"}],"about":[{"href":"https:\/\/alkc.eu\/index.php\/wp-json\/wp\/v2\/types\/page"}],"author":[{"embeddable":true,"href":"https:\/\/alkc.eu\/index.php\/wp-json\/wp\/v2\/users\/1"}],"replies":[{"embeddable":true,"href":"https:\/\/alkc.eu\/index.php\/wp-json\/wp\/v2\/comments?post=291"}],"version-history":[{"count":5,"href":"https:\/\/alkc.eu\/index.php\/wp-json\/wp\/v2\/pages\/291\/revisions"}],"predecessor-version":[{"id":408,"href":"https:\/\/alkc.eu\/index.php\/wp-json\/wp\/v2\/pages\/291\/revisions\/408"}],"wp:featuredmedia":[{"embeddable":true,"href":"https:\/\/alkc.eu\/index.php\/wp-json\/wp\/v2\/media\/296"}],"wp:attachment":[{"href":"https:\/\/alkc.eu\/index.php\/wp-json\/wp\/v2\/media?parent=291"}],"curies":[{"name":"wp","href":"https:\/\/api.w.org\/{rel}","templated":true}]}}