{"id":7,"date":"2021-03-09T09:37:31","date_gmt":"2021-03-09T09:37:31","guid":{"rendered":"https:\/\/alkc.eu\/?page_id=7"},"modified":"2022-03-30T14:24:30","modified_gmt":"2022-03-30T14:24:30","slug":"pagrindinis","status":"publish","type":"page","link":"https:\/\/alkc.eu\/","title":{"rendered":"Pagrindinis"},"content":{"rendered":"\t\t<div data-elementor-type=\"wp-page\" data-elementor-id=\"7\" class=\"elementor elementor-7\" data-elementor-settings=\"[]\">\n\t\t\t\t\t\t<div class=\"elementor-inner\">\n\t\t\t\t\t\t\t<div class=\"elementor-section-wrap\">\n\t\t\t\t\t\t\t<section class=\"elementor-section elementor-top-section elementor-element elementor-element-3cd80ea elementor-section-content-middle elementor-reverse-mobile elementor-section-boxed elementor-section-height-default elementor-section-height-default elementor-invisible\" data-id=\"3cd80ea\" data-element_type=\"section\" data-settings=\"{&quot;animation&quot;:&quot;fadeIn&quot;}\">\n\t\t\t\t\t\t<div class=\"elementor-container elementor-column-gap-default\">\n\t\t\t\t\t\t\t<div class=\"elementor-row\">\n\t\t\t\t\t<div class=\"elementor-column elementor-col-50 elementor-top-column elementor-element elementor-element-cc7d2bf\" data-id=\"cc7d2bf\" data-element_type=\"column\" data-settings=\"{&quot;background_background&quot;:&quot;classic&quot;}\">\n\t\t\t<div class=\"elementor-column-wrap elementor-element-populated\">\n\t\t\t\t\t\t\t<div class=\"elementor-widget-wrap\">\n\t\t\t\t\t\t<div class=\"elementor-element elementor-element-d756adf elementor-widget elementor-widget-image\" data-id=\"d756adf\" data-element_type=\"widget\" data-widget_type=\"image.default\">\n\t\t\t\t<div class=\"elementor-widget-container\">\n\t\t\t\t\t<div class=\"elementor-image\">\n\t\t\t\t\t\t\t\t\t\t<img loading=\"lazy\" decoding=\"async\" width=\"1587\" height=\"2245\" src=\"https:\/\/alkc.eu\/wp-content\/uploads\/2021\/09\/kitokia-diena-1.png\" class=\"attachment-full size-full\" alt=\"\" srcset=\"https:\/\/alkc.eu\/wp-content\/uploads\/2021\/09\/kitokia-diena-1.png 1587w, https:\/\/alkc.eu\/wp-content\/uploads\/2021\/09\/kitokia-diena-1-212x300.png 212w, https:\/\/alkc.eu\/wp-content\/uploads\/2021\/09\/kitokia-diena-1-724x1024.png 724w, https:\/\/alkc.eu\/wp-content\/uploads\/2021\/09\/kitokia-diena-1-768x1086.png 768w, https:\/\/alkc.eu\/wp-content\/uploads\/2021\/09\/kitokia-diena-1-1086x1536.png 1086w, https:\/\/alkc.eu\/wp-content\/uploads\/2021\/09\/kitokia-diena-1-1448x2048.png 1448w\" sizes=\"auto, (max-width: 1587px) 100vw, 1587px\" \/>\t\t\t\t\t\t\t\t\t\t\t<\/div>\n\t\t\t\t<\/div>\n\t\t\t\t<\/div>\n\t\t\t\t\t\t<\/div>\n\t\t\t\t\t<\/div>\n\t\t<\/div>\n\t\t\t\t<div class=\"elementor-column elementor-col-50 elementor-top-column elementor-element elementor-element-eb67627\" data-id=\"eb67627\" data-element_type=\"column\" data-settings=\"{&quot;background_background&quot;:&quot;classic&quot;}\">\n\t\t\t<div class=\"elementor-column-wrap elementor-element-populated\">\n\t\t\t\t\t\t\t<div class=\"elementor-widget-wrap\">\n\t\t\t\t\t\t<div class=\"elementor-element elementor-element-9d9773e elementor-widget elementor-widget-image\" data-id=\"9d9773e\" data-element_type=\"widget\" data-widget_type=\"image.default\">\n\t\t\t\t<div class=\"elementor-widget-container\">\n\t\t\t\t\t<div class=\"elementor-image\">\n\t\t\t\t\t\t\t\t\t\t<img loading=\"lazy\" decoding=\"async\" width=\"410\" height=\"416\" src=\"https:\/\/alkc.eu\/wp-content\/uploads\/2021\/03\/logobg3.png\" class=\"attachment-full size-full\" alt=\"\" srcset=\"https:\/\/alkc.eu\/wp-content\/uploads\/2021\/03\/logobg3.png 410w, https:\/\/alkc.eu\/wp-content\/uploads\/2021\/03\/logobg3-296x300.png 296w\" sizes=\"auto, (max-width: 410px) 100vw, 410px\" \/>\t\t\t\t\t\t\t\t\t\t\t<\/div>\n\t\t\t\t<\/div>\n\t\t\t\t<\/div>\n\t\t\t\t\t\t<\/div>\n\t\t\t\t\t<\/div>\n\t\t<\/div>\n\t\t\t\t\t\t\t\t<\/div>\n\t\t\t\t\t<\/div>\n\t\t<\/section>\n\t\t\t\t<section class=\"elementor-section elementor-top-section elementor-element elementor-element-6c0ba87 elementor-section-boxed elementor-section-height-default elementor-section-height-default\" data-id=\"6c0ba87\" data-element_type=\"section\">\n\t\t\t\t\t\t<div class=\"elementor-container elementor-column-gap-default\">\n\t\t\t\t\t\t\t<div class=\"elementor-row\">\n\t\t\t\t\t<div class=\"elementor-column elementor-col-100 elementor-top-column elementor-element elementor-element-eb3e4ab\" data-id=\"eb3e4ab\" data-element_type=\"column\">\n\t\t\t<div class=\"elementor-column-wrap elementor-element-populated\">\n\t\t\t\t\t\t\t<div class=\"elementor-widget-wrap\">\n\t\t\t\t\t\t<div class=\"elementor-element elementor-element-3d3427d elementor-widget elementor-widget-menu-anchor\" data-id=\"3d3427d\" data-element_type=\"widget\" data-widget_type=\"menu-anchor.default\">\n\t\t\t\t<div class=\"elementor-widget-container\">\n\t\t\t\t\t<div id=\"veikla\" class=\"elementor-menu-anchor\"><\/div>\n\t\t\t\t<\/div>\n\t\t\t\t<\/div>\n\t\t\t\t\t\t<\/div>\n\t\t\t\t\t<\/div>\n\t\t<\/div>\n\t\t\t\t\t\t\t\t<\/div>\n\t\t\t\t\t<\/div>\n\t\t<\/section>\n\t\t\t\t<section class=\"elementor-section elementor-top-section elementor-element elementor-element-e3fbf6c elementor-section-boxed elementor-section-height-default elementor-section-height-default elementor-invisible\" data-id=\"e3fbf6c\" data-element_type=\"section\" data-settings=\"{&quot;animation&quot;:&quot;fadeIn&quot;}\">\n\t\t\t\t\t\t<div class=\"elementor-container elementor-column-gap-default\">\n\t\t\t\t\t\t\t<div class=\"elementor-row\">\n\t\t\t\t\t<div class=\"elementor-column elementor-col-33 elementor-top-column elementor-element elementor-element-0f01e99\" data-id=\"0f01e99\" data-element_type=\"column\" data-settings=\"{&quot;background_background&quot;:&quot;classic&quot;}\">\n\t\t\t<div class=\"elementor-column-wrap elementor-element-populated\">\n\t\t\t\t\t\t\t<div class=\"elementor-widget-wrap\">\n\t\t\t\t\t\t<div class=\"elementor-element elementor-element-ff9411d elementor-widget elementor-widget-heading\" data-id=\"ff9411d\" data-element_type=\"widget\" data-widget_type=\"heading.default\">\n\t\t\t\t<div class=\"elementor-widget-container\">\n\t\t\t<h2 class=\"elementor-heading-title elementor-size-default\">Veikla<\/h2>\t\t<\/div>\n\t\t\t\t<\/div>\n\t\t\t\t\t\t<\/div>\n\t\t\t\t\t<\/div>\n\t\t<\/div>\n\t\t\t\t<div class=\"elementor-column elementor-col-33 elementor-top-column elementor-element elementor-element-7d1cd5e\" data-id=\"7d1cd5e\" data-element_type=\"column\" data-settings=\"{&quot;background_background&quot;:&quot;classic&quot;}\">\n\t\t\t<div class=\"elementor-column-wrap elementor-element-populated\">\n\t\t\t\t\t\t\t<div class=\"elementor-widget-wrap\">\n\t\t\t\t\t\t<div class=\"elementor-element elementor-element-5f71840 elementor-cta--skin-classic elementor-animated-content elementor-widget elementor-widget-call-to-action\" data-id=\"5f71840\" data-element_type=\"widget\" data-widget_type=\"call-to-action.default\">\n\t\t\t\t<div class=\"elementor-widget-container\">\n\t\t\t\t\t<a href=\"https:\/\/alkc.eu\/index.php\/veiklumo-skatinimas\/\" class=\"elementor-cta\">\n\t\t\t\t\t<div class=\"elementor-cta__bg-wrapper\">\n\t\t\t\t<div class=\"elementor-cta__bg elementor-bg\" style=\"background-image: url(https:\/\/alkc.eu\/wp-content\/uploads\/2021\/03\/IMG_2403-1024x768.jpg);\"><\/div>\n\t\t\t\t<div class=\"elementor-cta__bg-overlay\"><\/div>\n\t\t\t<\/div>\n\t\t\t\t\t\t\t<div class=\"elementor-cta__content\">\n\t\t\t\t\n\t\t\t\t\t\t\t\t\t<h2 class=\"elementor-cta__title elementor-cta__content-item elementor-content-item\">\n\t\t\t\t\t\tVeiklumo skatinimas\t\t\t\t\t<\/h2>\n\t\t\t\t\n\t\t\t\t\n\t\t\t\t\t\t\t<\/div>\n\t\t\t\t\t\t<\/a>\n\t\t\t\t<\/div>\n\t\t\t\t<\/div>\n\t\t\t\t\t\t<\/div>\n\t\t\t\t\t<\/div>\n\t\t<\/div>\n\t\t\t\t<div class=\"elementor-column elementor-col-33 elementor-top-column elementor-element elementor-element-1e88393\" data-id=\"1e88393\" data-element_type=\"column\" data-settings=\"{&quot;background_background&quot;:&quot;classic&quot;}\">\n\t\t\t<div class=\"elementor-column-wrap elementor-element-populated\">\n\t\t\t\t\t\t\t<div class=\"elementor-widget-wrap\">\n\t\t\t\t\t\t<div class=\"elementor-element elementor-element-03b61e4 elementor-cta--skin-classic elementor-animated-content elementor-widget elementor-widget-call-to-action\" data-id=\"03b61e4\" data-element_type=\"widget\" data-widget_type=\"call-to-action.default\">\n\t\t\t\t<div class=\"elementor-widget-container\">\n\t\t\t\t\t<a href=\"https:\/\/alkc.eu\/index.php\/savanoriska-veikla\/\" class=\"elementor-cta\">\n\t\t\t\t\t<div class=\"elementor-cta__bg-wrapper\">\n\t\t\t\t<div class=\"elementor-cta__bg elementor-bg\" style=\"background-image: url(https:\/\/alkc.eu\/wp-content\/uploads\/2021\/03\/23593580_10204051046353043_4112800947197956747_o-1024x701.jpg);\"><\/div>\n\t\t\t\t<div class=\"elementor-cta__bg-overlay\"><\/div>\n\t\t\t<\/div>\n\t\t\t\t\t\t\t<div class=\"elementor-cta__content\">\n\t\t\t\t\n\t\t\t\t\t\t\t\t\t<h2 class=\"elementor-cta__title elementor-cta__content-item elementor-content-item\">\n\t\t\t\t\t\tSavanori\u0161ka veikla\t\t\t\t\t<\/h2>\n\t\t\t\t\n\t\t\t\t\n\t\t\t\t\t\t\t<\/div>\n\t\t\t\t\t\t<\/a>\n\t\t\t\t<\/div>\n\t\t\t\t<\/div>\n\t\t\t\t\t\t<\/div>\n\t\t\t\t\t<\/div>\n\t\t<\/div>\n\t\t\t\t\t\t\t\t<\/div>\n\t\t\t\t\t<\/div>\n\t\t<\/section>\n\t\t\t\t<section class=\"elementor-section elementor-top-section elementor-element elementor-element-c689dc3 elementor-section-boxed elementor-section-height-default elementor-section-height-default elementor-invisible\" data-id=\"c689dc3\" data-element_type=\"section\" data-settings=\"{&quot;animation&quot;:&quot;fadeIn&quot;}\">\n\t\t\t\t\t\t<div class=\"elementor-container elementor-column-gap-default\">\n\t\t\t\t\t\t\t<div class=\"elementor-row\">\n\t\t\t\t\t<div class=\"elementor-column elementor-col-100 elementor-top-column elementor-element elementor-element-d7bdaea\" data-id=\"d7bdaea\" data-element_type=\"column\" data-settings=\"{&quot;background_background&quot;:&quot;classic&quot;}\">\n\t\t\t<div class=\"elementor-column-wrap elementor-element-populated\">\n\t\t\t\t\t\t\t<div class=\"elementor-widget-wrap\">\n\t\t\t\t\t\t<div class=\"elementor-element elementor-element-6f4faaf elementor-widget elementor-widget-heading\" data-id=\"6f4faaf\" data-element_type=\"widget\" data-widget_type=\"heading.default\">\n\t\t\t\t<div class=\"elementor-widget-container\">\n\t\t\t<h2 class=\"elementor-heading-title elementor-size-default\">Naujienos<\/h2>\t\t<\/div>\n\t\t\t\t<\/div>\n\t\t\t\t\t\t<\/div>\n\t\t\t\t\t<\/div>\n\t\t<\/div>\n\t\t\t\t\t\t\t\t<\/div>\n\t\t\t\t\t<\/div>\n\t\t<\/section>\n\t\t\t\t<section class=\"elementor-section elementor-top-section elementor-element elementor-element-88d8cba elementor-section-boxed elementor-section-height-default elementor-section-height-default\" data-id=\"88d8cba\" data-element_type=\"section\">\n\t\t\t\t\t\t<div class=\"elementor-container elementor-column-gap-default\">\n\t\t\t\t\t\t\t<div class=\"elementor-row\">\n\t\t\t\t\t<div class=\"elementor-column elementor-col-100 elementor-top-column elementor-element elementor-element-853065b\" data-id=\"853065b\" data-element_type=\"column\">\n\t\t\t<div class=\"elementor-column-wrap elementor-element-populated\">\n\t\t\t\t\t\t\t<div class=\"elementor-widget-wrap\">\n\t\t\t\t\t\t<div class=\"elementor-element elementor-element-525812b elementor-grid-3 elementor-grid-tablet-2 elementor-grid-mobile-1 elementor-posts--thumbnail-top elementor-widget elementor-widget-posts\" data-id=\"525812b\" data-element_type=\"widget\" data-settings=\"{&quot;classic_columns&quot;:&quot;3&quot;,&quot;classic_columns_tablet&quot;:&quot;2&quot;,&quot;classic_columns_mobile&quot;:&quot;1&quot;,&quot;classic_row_gap&quot;:{&quot;unit&quot;:&quot;px&quot;,&quot;size&quot;:35,&quot;sizes&quot;:[]}}\" data-widget_type=\"posts.classic\">\n\t\t\t\t<div class=\"elementor-widget-container\">\n\t\t\t\t\t<div class=\"elementor-posts-container elementor-posts elementor-posts--skin-classic elementor-grid\">\n\t\t\t\t<article class=\"elementor-post elementor-grid-item post-394 post type-post status-publish format-standard hentry category-uncategorized entry\">\n\t\t\t\t<div class=\"elementor-post__text\">\n\t\t\t\t<h3 class=\"elementor-post__title\">\n\t\t\t<a href=\"https:\/\/alkc.eu\/index.php\/2022\/03\/30\/kitokia-senjoro-diena-2\/\" >\n\t\t\t\tKitokia senjoro diena\t\t\t<\/a>\n\t\t<\/h3>\n\t\t\t\t<div class=\"elementor-post__excerpt\">\n\t\t\t<p>Jau prasid\u0117jo skaitmeninio ra\u0161tingumo kursai. Visas projekto veiklas finansuoja Europos soclialinio fondo agent\u016bra.<\/p>\n\t\t<\/div>\n\t\t\t\t\t<a class=\"elementor-post__read-more\" href=\"https:\/\/alkc.eu\/index.php\/2022\/03\/30\/kitokia-senjoro-diena-2\/\" >\n\t\t\t\tSkaityti \u00bb\t\t\t<\/a>\n\t\t\t\t<\/div>\n\t\t\t\t<\/article>\n\t\t\t\t<article class=\"elementor-post elementor-grid-item post-388 post type-post status-publish format-standard hentry category-uncategorized entry\">\n\t\t\t\t<div class=\"elementor-post__text\">\n\t\t\t\t<h3 class=\"elementor-post__title\">\n\t\t\t<a href=\"https:\/\/alkc.eu\/index.php\/2022\/01\/20\/recycling-art-uzsiemimai-senjorams\/\" >\n\t\t\t\tRecycling Art u\u017esi\u0117mimai senjorams\t\t\t<\/a>\n\t\t<\/h3>\n\t\t\t\t<div class=\"elementor-post__excerpt\">\n\t\t\t\t\t<\/div>\n\t\t\t\t\t<a class=\"elementor-post__read-more\" href=\"https:\/\/alkc.eu\/index.php\/2022\/01\/20\/recycling-art-uzsiemimai-senjorams\/\" >\n\t\t\t\tSkaityti \u00bb\t\t\t<\/a>\n\t\t\t\t<\/div>\n\t\t\t\t<\/article>\n\t\t\t\t<article class=\"elementor-post elementor-grid-item post-372 post type-post status-publish format-standard has-post-thumbnail hentry category-uncategorized entry has-media\">\n\t\t\t\t<a class=\"elementor-post__thumbnail__link\" href=\"https:\/\/alkc.eu\/index.php\/2021\/11\/22\/pirmoji-dalyviu-kelione-i-klaipeda\/\" >\n\t\t\t<div class=\"elementor-post__thumbnail\"><img loading=\"lazy\" decoding=\"async\" width=\"225\" height=\"300\" src=\"https:\/\/alkc.eu\/wp-content\/uploads\/2021\/11\/unnamed-5-225x300.jpg\" class=\"attachment-medium size-medium\" alt=\"\" srcset=\"https:\/\/alkc.eu\/wp-content\/uploads\/2021\/11\/unnamed-5-225x300.jpg 225w, https:\/\/alkc.eu\/wp-content\/uploads\/2021\/11\/unnamed-5-768x1024.jpg 768w, https:\/\/alkc.eu\/wp-content\/uploads\/2021\/11\/unnamed-5-1152x1536.jpg 1152w, https:\/\/alkc.eu\/wp-content\/uploads\/2021\/11\/unnamed-5-1536x2048.jpg 1536w, https:\/\/alkc.eu\/wp-content\/uploads\/2021\/11\/unnamed-5-scaled.jpg 1920w\" sizes=\"auto, (max-width: 225px) 100vw, 225px\" \/><\/div>\n\t\t<\/a>\n\t\t\t\t<div class=\"elementor-post__text\">\n\t\t\t\t<h3 class=\"elementor-post__title\">\n\t\t\t<a href=\"https:\/\/alkc.eu\/index.php\/2021\/11\/22\/pirmoji-dalyviu-kelione-i-klaipeda\/\" >\n\t\t\t\tPirmoji dalyvi\u0173 kelion\u0117 \u012f Klaip\u0117d\u0105\t\t\t<\/a>\n\t\t<\/h3>\n\t\t\t\t<div class=\"elementor-post__excerpt\">\n\t\t\t<p>2021 Lapkri\u010dio 11 dien\u0105 leidom\u0117s \u012f edukacin\u0119 ir \u0161vie\u010diam\u0105j\u0105 kelion\u0119 \u012f Klaip\u0117d\u0105. Kelion\u0117 tolima, tad anksti ryte jau s\u0117dome \u012f autobus\u0105, ir dalindamiesi patirtimi leidom\u0117s<\/p>\n\t\t<\/div>\n\t\t\t\t\t<a class=\"elementor-post__read-more\" href=\"https:\/\/alkc.eu\/index.php\/2021\/11\/22\/pirmoji-dalyviu-kelione-i-klaipeda\/\" >\n\t\t\t\tSkaityti \u00bb\t\t\t<\/a>\n\t\t\t\t<\/div>\n\t\t\t\t<\/article>\n\t\t\t\t<article class=\"elementor-post elementor-grid-item post-369 post type-post status-publish format-standard hentry category-uncategorized entry\">\n\t\t\t\t<div class=\"elementor-post__text\">\n\t\t\t\t<h3 class=\"elementor-post__title\">\n\t\t\t<a href=\"https:\/\/alkc.eu\/index.php\/2021\/10\/15\/startavo-projektas-kitokia-senjoro-diena\/\" >\n\t\t\t\tStartavo projektas &#8220;Kitokia senjoro diena&#8221;\t\t\t<\/a>\n\t\t<\/h3>\n\t\t\t\t<div class=\"elementor-post__excerpt\">\n\t\t\t<p>\u012evyko pirmas projekto susitikimas su projekto dalyviais. Lakiame susitikim\u0173 veiklose. Jau spalio 18 dien\u0105 15:00 val. pradedame dail\u0117s terapijos u\u017esi\u0117mimuose.<\/p>\n\t\t<\/div>\n\t\t\t\t\t<a class=\"elementor-post__read-more\" href=\"https:\/\/alkc.eu\/index.php\/2021\/10\/15\/startavo-projektas-kitokia-senjoro-diena\/\" >\n\t\t\t\tSkaityti \u00bb\t\t\t<\/a>\n\t\t\t\t<\/div>\n\t\t\t\t<\/article>\n\t\t\t\t<article class=\"elementor-post elementor-grid-item post-361 post type-post status-publish format-standard has-post-thumbnail hentry category-uncategorized entry has-media\">\n\t\t\t\t<a class=\"elementor-post__thumbnail__link\" href=\"https:\/\/alkc.eu\/index.php\/2021\/09\/14\/kitokia-senjoro-diena\/\" >\n\t\t\t<div class=\"elementor-post__thumbnail\"><img loading=\"lazy\" decoding=\"async\" width=\"212\" height=\"300\" src=\"https:\/\/alkc.eu\/wp-content\/uploads\/2021\/09\/kitokia-diena-1-212x300.png\" class=\"attachment-medium size-medium\" alt=\"\" srcset=\"https:\/\/alkc.eu\/wp-content\/uploads\/2021\/09\/kitokia-diena-1-212x300.png 212w, https:\/\/alkc.eu\/wp-content\/uploads\/2021\/09\/kitokia-diena-1-724x1024.png 724w, https:\/\/alkc.eu\/wp-content\/uploads\/2021\/09\/kitokia-diena-1-768x1086.png 768w, https:\/\/alkc.eu\/wp-content\/uploads\/2021\/09\/kitokia-diena-1-1086x1536.png 1086w, https:\/\/alkc.eu\/wp-content\/uploads\/2021\/09\/kitokia-diena-1-1448x2048.png 1448w, https:\/\/alkc.eu\/wp-content\/uploads\/2021\/09\/kitokia-diena-1.png 1587w\" sizes=\"auto, (max-width: 212px) 100vw, 212px\" \/><\/div>\n\t\t<\/a>\n\t\t\t\t<div class=\"elementor-post__text\">\n\t\t\t\t<h3 class=\"elementor-post__title\">\n\t\t\t<a href=\"https:\/\/alkc.eu\/index.php\/2021\/09\/14\/kitokia-senjoro-diena\/\" >\n\t\t\t\tKITOKIA SENJORO DIENA\t\t\t<\/a>\n\t\t<\/h3>\n\t\t\t\t<div class=\"elementor-post__excerpt\">\n\t\t\t<p>Nuo \u0161.m. rugs\u0117jo 27 dienos kvie\u010diame Panev\u0117\u017eio miesto senjorus \u012f dail\u0117s \u0161okio, muzikos terapijos u\u017esi\u0117mimus. Registracija +370 61333463<\/p>\n\t\t<\/div>\n\t\t\t\t\t<a class=\"elementor-post__read-more\" href=\"https:\/\/alkc.eu\/index.php\/2021\/09\/14\/kitokia-senjoro-diena\/\" >\n\t\t\t\tSkaityti \u00bb\t\t\t<\/a>\n\t\t\t\t<\/div>\n\t\t\t\t<\/article>\n\t\t\t\t<article class=\"elementor-post elementor-grid-item post-346 post type-post status-publish format-standard has-post-thumbnail hentry category-uncategorized entry has-media\">\n\t\t\t\t<a class=\"elementor-post__thumbnail__link\" href=\"https:\/\/alkc.eu\/index.php\/2021\/09\/14\/musu-veiklos\/\" >\n\t\t\t<div class=\"elementor-post__thumbnail\"><img loading=\"lazy\" decoding=\"async\" width=\"300\" height=\"169\" src=\"https:\/\/alkc.eu\/wp-content\/uploads\/2021\/09\/Coral-Abstract-Modern-Skincare-Coming-Soon-Facebook-Cover-300x169.png\" class=\"attachment-medium size-medium\" alt=\"\" srcset=\"https:\/\/alkc.eu\/wp-content\/uploads\/2021\/09\/Coral-Abstract-Modern-Skincare-Coming-Soon-Facebook-Cover-300x169.png 300w, https:\/\/alkc.eu\/wp-content\/uploads\/2021\/09\/Coral-Abstract-Modern-Skincare-Coming-Soon-Facebook-Cover-1024x577.png 1024w, https:\/\/alkc.eu\/wp-content\/uploads\/2021\/09\/Coral-Abstract-Modern-Skincare-Coming-Soon-Facebook-Cover-768x433.png 768w, https:\/\/alkc.eu\/wp-content\/uploads\/2021\/09\/Coral-Abstract-Modern-Skincare-Coming-Soon-Facebook-Cover-1536x865.png 1536w, https:\/\/alkc.eu\/wp-content\/uploads\/2021\/09\/Coral-Abstract-Modern-Skincare-Coming-Soon-Facebook-Cover.png 1640w\" sizes=\"auto, (max-width: 300px) 100vw, 300px\" \/><\/div>\n\t\t<\/a>\n\t\t\t\t<div class=\"elementor-post__text\">\n\t\t\t\t<h3 class=\"elementor-post__title\">\n\t\t\t<a href=\"https:\/\/alkc.eu\/index.php\/2021\/09\/14\/musu-veiklos\/\" >\n\t\t\t\tM\u016bs\u0173 veiklos\t\t\t<\/a>\n\t\t<\/h3>\n\t\t\t\t<div class=\"elementor-post__excerpt\">\n\t\t\t\t\t<\/div>\n\t\t\t\t\t<a class=\"elementor-post__read-more\" href=\"https:\/\/alkc.eu\/index.php\/2021\/09\/14\/musu-veiklos\/\" >\n\t\t\t\tSkaityti \u00bb\t\t\t<\/a>\n\t\t\t\t<\/div>\n\t\t\t\t<\/article>\n\t\t\t\t<\/div>\n\t\t\t\t<\/div>\n\t\t\t\t<\/div>\n\t\t\t\t\t\t<\/div>\n\t\t\t\t\t<\/div>\n\t\t<\/div>\n\t\t\t\t\t\t\t\t<\/div>\n\t\t\t\t\t<\/div>\n\t\t<\/section>\n\t\t\t\t\t\t<\/div>\n\t\t\t\t\t\t<\/div>\n\t\t\t\t\t<\/div>\n\t\t","protected":false},"excerpt":{"rendered":"<p>Veikla Veiklumo skatinimas Savanori\u0161ka veikla Naujienos<\/p>\n","protected":false},"author":1,"featured_media":0,"parent":0,"menu_order":0,"comment_status":"closed","ping_status":"closed","template":"elementor_header_footer","meta":{"footnotes":""},"class_list":["post-7","page","type-page","status-publish","hentry","entry","has-media"],"_links":{"self":[{"href":"https:\/\/alkc.eu\/index.php\/wp-json\/wp\/v2\/pages\/7","targetHints":{"allow":["GET"]}}],"collection":[{"href":"https:\/\/alkc.eu\/index.php\/wp-json\/wp\/v2\/pages"}],"about":[{"href":"https:\/\/alkc.eu\/index.php\/wp-json\/wp\/v2\/types\/page"}],"author":[{"embeddable":true,"href":"https:\/\/alkc.eu\/index.php\/wp-json\/wp\/v2\/users\/1"}],"replies":[{"embeddable":true,"href":"https:\/\/alkc.eu\/index.php\/wp-json\/wp\/v2\/comments?post=7"}],"version-history":[{"count":64,"href":"https:\/\/alkc.eu\/index.php\/wp-json\/wp\/v2\/pages\/7\/revisions"}],"predecessor-version":[{"id":399,"href":"https:\/\/alkc.eu\/index.php\/wp-json\/wp\/v2\/pages\/7\/revisions\/399"}],"wp:attachment":[{"href":"https:\/\/alkc.eu\/index.php\/wp-json\/wp\/v2\/media?parent=7"}],"curies":[{"name":"wp","href":"https:\/\/api.w.org\/{rel}","templated":true}]}}